{"id":7262,"date":"2025-09-23T11:36:25","date_gmt":"2025-09-23T09:36:25","guid":{"rendered":"https:\/\/rapport-activite-caf-rhone.fr\/?page_id=7262"},"modified":"2025-09-29T09:25:56","modified_gmt":"2025-09-29T07:25:56","slug":"lintelligence-artificielle-au-service-de-linteret-general","status":"publish","type":"page","link":"https:\/\/rapport-activite-caf-rhone.fr\/index.php\/lintelligence-artificielle-au-service-de-linteret-general\/","title":{"rendered":"L\u2019intelligence artificielle au service de l\u2019int\u00e9r\u00eat g\u00e9n\u00e9ral"},"content":{"rendered":"\n\n\n\n","protected":false},"excerpt":{"rendered":"","protected":false},"author":1,"featured_media":7267,"parent":0,"menu_order":0,"comment_status":"closed","ping_status":"closed","template":"","meta":{"saved_in_kubio":true,"footnotes":""},"class_list":["post-7262","page","type-page","status-publish","has-post-thumbnail","hentry"],"kubio_ai_page_context":{"short_desc":"","purpose":"general"},"featured_media_urls":{"thumbnail":["https:\/\/rapport-activite-caf-rhone.fr\/wp-content\/uploads\/2025\/09\/IMG_7689-scaled-e1758621036567-150x150.jpg",150,150,true],"medium":["https:\/\/rapport-activite-caf-rhone.fr\/wp-content\/uploads\/2025\/09\/IMG_7689-scaled-e1758621036567-300x169.jpg",300,169,true],"medium_large":["https:\/\/rapport-activite-caf-rhone.fr\/wp-content\/uploads\/2025\/09\/IMG_7689-scaled-e1758621036567-768x434.jpg",768,434,true],"large":["https:\/\/rapport-activite-caf-rhone.fr\/wp-content\/uploads\/2025\/09\/IMG_7689-scaled-e1758621036567-1024x578.jpg",950,536,true],"1536x1536":["https:\/\/rapport-activite-caf-rhone.fr\/wp-content\/uploads\/2025\/09\/IMG_7689-scaled-e1758621036567-1536x868.jpg",1536,868,true],"2048x2048":["https:\/\/rapport-activite-caf-rhone.fr\/wp-content\/uploads\/2025\/09\/IMG_7689-scaled-e1758621036567-2048x1157.jpg",2048,1157,true],"kubio-fullhd":["https:\/\/rapport-activite-caf-rhone.fr\/wp-content\/uploads\/2025\/09\/IMG_7689-scaled-e1758621036567-1912x1080.jpg",1912,1080,true],"inspiro-featured-image":["https:\/\/rapport-activite-caf-rhone.fr\/wp-content\/uploads\/2025\/09\/IMG_7689-scaled-e1758621036567-2000x1130.jpg",2000,1130,true],"inspiro-loop":["https:\/\/rapport-activite-caf-rhone.fr\/wp-content\/uploads\/2025\/09\/IMG_7689-scaled-e1758621036567-950x320.jpg",950,320,true],"inspiro-loop@2x":["https:\/\/rapport-activite-caf-rhone.fr\/wp-content\/uploads\/2025\/09\/IMG_7689-scaled-e1758621036567-1900x640.jpg",1900,640,true],"portfolio_item-thumbnail":["https:\/\/rapport-activite-caf-rhone.fr\/wp-content\/uploads\/2025\/09\/IMG_7689-scaled-e1758621036567-600x400.jpg",600,400,true],"portfolio_item-thumbnail@2x":["https:\/\/rapport-activite-caf-rhone.fr\/wp-content\/uploads\/2025\/09\/IMG_7689-scaled-e1758621036567-1200x800.jpg",1200,800,true],"portfolio_item-masonry":["https:\/\/rapport-activite-caf-rhone.fr\/wp-content\/uploads\/2025\/09\/IMG_7689-scaled-e1758621036567-600x339.jpg",600,339,true],"portfolio_item-masonry@2x":["https:\/\/rapport-activite-caf-rhone.fr\/wp-content\/uploads\/2025\/09\/IMG_7689-scaled-e1758621036567-1200x678.jpg",1200,678,true],"portfolio_item-thumbnail_cinema":["https:\/\/rapport-activite-caf-rhone.fr\/wp-content\/uploads\/2025\/09\/IMG_7689-scaled-e1758621036567-800x335.jpg",800,335,true],"portfolio_item-thumbnail_portrait":["https:\/\/rapport-activite-caf-rhone.fr\/wp-content\/uploads\/2025\/09\/IMG_7689-scaled-e1758621036567-600x900.jpg",600,900,true],"portfolio_item-thumbnail_portrait@2x":["https:\/\/rapport-activite-caf-rhone.fr\/wp-content\/uploads\/2025\/09\/IMG_7689-scaled-e1758621036567-1200x1446.jpg",1200,1446,true],"portfolio_item-thumbnail_square":["https:\/\/rapport-activite-caf-rhone.fr\/wp-content\/uploads\/2025\/09\/IMG_7689-scaled-e1758621036567-800x800.jpg",800,800,true]},"_links":{"self":[{"href":"https:\/\/rapport-activite-caf-rhone.fr\/index.php\/wp-json\/wp\/v2\/pages\/7262","targetHints":{"allow":["GET"]}}],"collection":[{"href":"https:\/\/rapport-activite-caf-rhone.fr\/index.php\/wp-json\/wp\/v2\/pages"}],"about":[{"href":"https:\/\/rapport-activite-caf-rhone.fr\/index.php\/wp-json\/wp\/v2\/types\/page"}],"author":[{"embeddable":true,"href":"https:\/\/rapport-activite-caf-rhone.fr\/index.php\/wp-json\/wp\/v2\/users\/1"}],"replies":[{"embeddable":true,"href":"https:\/\/rapport-activite-caf-rhone.fr\/index.php\/wp-json\/wp\/v2\/comments?post=7262"}],"version-history":[{"count":6,"href":"https:\/\/rapport-activite-caf-rhone.fr\/index.php\/wp-json\/wp\/v2\/pages\/7262\/revisions"}],"predecessor-version":[{"id":7347,"href":"https:\/\/rapport-activite-caf-rhone.fr\/index.php\/wp-json\/wp\/v2\/pages\/7262\/revisions\/7347"}],"wp:featuredmedia":[{"embeddable":true,"href":"https:\/\/rapport-activite-caf-rhone.fr\/index.php\/wp-json\/wp\/v2\/media\/7267"}],"wp:attachment":[{"href":"https:\/\/rapport-activite-caf-rhone.fr\/index.php\/wp-json\/wp\/v2\/media?parent=7262"}],"curies":[{"name":"wp","href":"https:\/\/api.w.org\/{rel}","templated":true}]}}