{"id":5849,"date":"2025-07-01T08:36:46","date_gmt":"2025-07-01T06:36:46","guid":{"rendered":"https:\/\/rapport-activite-caf-rhone.fr\/?page_id=5849"},"modified":"2025-09-30T09:39:15","modified_gmt":"2025-09-30T07:39:15","slug":"developper-des-services-attentionnes-a-chaque-etape-de-la-vie","status":"publish","type":"page","link":"https:\/\/rapport-activite-caf-rhone.fr\/index.php\/developper-des-services-attentionnes-a-chaque-etape-de-la-vie\/","title":{"rendered":"Des services attentionn\u00e9s \u00e0 chaque \u00e9tape de la vie"},"content":{"rendered":"\n\n","protected":false},"excerpt":{"rendered":"","protected":false},"author":1,"featured_media":4302,"parent":0,"menu_order":0,"comment_status":"closed","ping_status":"closed","template":"","meta":{"saved_in_kubio":true,"footnotes":""},"class_list":["post-5849","page","type-page","status-publish","has-post-thumbnail","hentry"],"kubio_ai_page_context":{"short_desc":"","purpose":"general"},"featured_media_urls":{"thumbnail":["https:\/\/rapport-activite-caf-rhone.fr\/wp-content\/uploads\/2023\/05\/accueil-e1683012895791-150x150.jpg",150,150,true],"medium":["https:\/\/rapport-activite-caf-rhone.fr\/wp-content\/uploads\/2023\/05\/accueil-e1683012895791-300x128.jpg",300,128,true],"medium_large":["https:\/\/rapport-activite-caf-rhone.fr\/wp-content\/uploads\/2023\/05\/accueil-e1683012895791-768x328.jpg",768,328,true],"large":["https:\/\/rapport-activite-caf-rhone.fr\/wp-content\/uploads\/2023\/05\/accueil-e1683012895791-1024x437.jpg",950,405,true],"1536x1536":["https:\/\/rapport-activite-caf-rhone.fr\/wp-content\/uploads\/2023\/05\/accueil-e1683012895791-1536x656.jpg",1536,656,true],"2048x2048":["https:\/\/rapport-activite-caf-rhone.fr\/wp-content\/uploads\/2023\/05\/accueil-e1683012895791.jpg",1920,820,false],"kubio-fullhd":["https:\/\/rapport-activite-caf-rhone.fr\/wp-content\/uploads\/2023\/05\/accueil-e1683012895791.jpg",1920,820,false],"inspiro-featured-image":["https:\/\/rapport-activite-caf-rhone.fr\/wp-content\/uploads\/2023\/05\/accueil-e1683012895791.jpg",1920,820,false],"inspiro-loop":["https:\/\/rapport-activite-caf-rhone.fr\/wp-content\/uploads\/2023\/05\/accueil-e1683012895791-950x320.jpg",950,320,true],"inspiro-loop@2x":["https:\/\/rapport-activite-caf-rhone.fr\/wp-content\/uploads\/2023\/05\/accueil-e1683012895791-1900x640.jpg",1900,640,true],"portfolio_item-thumbnail":["https:\/\/rapport-activite-caf-rhone.fr\/wp-content\/uploads\/2023\/05\/accueil-e1683012895791-600x400.jpg",600,400,true],"portfolio_item-thumbnail@2x":["https:\/\/rapport-activite-caf-rhone.fr\/wp-content\/uploads\/2023\/05\/accueil-e1683012895791-1200x800.jpg",1200,800,true],"portfolio_item-masonry":["https:\/\/rapport-activite-caf-rhone.fr\/wp-content\/uploads\/2023\/05\/accueil-e1683012895791-600x256.jpg",600,256,true],"portfolio_item-masonry@2x":["https:\/\/rapport-activite-caf-rhone.fr\/wp-content\/uploads\/2023\/05\/accueil-e1683012895791-1200x513.jpg",1200,513,true],"portfolio_item-thumbnail_cinema":["https:\/\/rapport-activite-caf-rhone.fr\/wp-content\/uploads\/2023\/05\/accueil-e1683012895791-800x335.jpg",800,335,true],"portfolio_item-thumbnail_portrait":["https:\/\/rapport-activite-caf-rhone.fr\/wp-content\/uploads\/2023\/05\/accueil-e1683012895791-600x820.jpg",600,820,true],"portfolio_item-thumbnail_portrait@2x":["https:\/\/rapport-activite-caf-rhone.fr\/wp-content\/uploads\/2023\/05\/accueil-e1683012895791-1200x820.jpg",1200,820,true],"portfolio_item-thumbnail_square":["https:\/\/rapport-activite-caf-rhone.fr\/wp-content\/uploads\/2023\/05\/accueil-e1683012895791-800x800.jpg",800,800,true]},"_links":{"self":[{"href":"https:\/\/rapport-activite-caf-rhone.fr\/index.php\/wp-json\/wp\/v2\/pages\/5849","targetHints":{"allow":["GET"]}}],"collection":[{"href":"https:\/\/rapport-activite-caf-rhone.fr\/index.php\/wp-json\/wp\/v2\/pages"}],"about":[{"href":"https:\/\/rapport-activite-caf-rhone.fr\/index.php\/wp-json\/wp\/v2\/types\/page"}],"author":[{"embeddable":true,"href":"https:\/\/rapport-activite-caf-rhone.fr\/index.php\/wp-json\/wp\/v2\/users\/1"}],"replies":[{"embeddable":true,"href":"https:\/\/rapport-activite-caf-rhone.fr\/index.php\/wp-json\/wp\/v2\/comments?post=5849"}],"version-history":[{"count":17,"href":"https:\/\/rapport-activite-caf-rhone.fr\/index.php\/wp-json\/wp\/v2\/pages\/5849\/revisions"}],"predecessor-version":[{"id":7217,"href":"https:\/\/rapport-activite-caf-rhone.fr\/index.php\/wp-json\/wp\/v2\/pages\/5849\/revisions\/7217"}],"wp:featuredmedia":[{"embeddable":true,"href":"https:\/\/rapport-activite-caf-rhone.fr\/index.php\/wp-json\/wp\/v2\/media\/4302"}],"wp:attachment":[{"href":"https:\/\/rapport-activite-caf-rhone.fr\/index.php\/wp-json\/wp\/v2\/media?parent=5849"}],"curies":[{"name":"wp","href":"https:\/\/api.w.org\/{rel}","templated":true}]}}