{"id":5719,"date":"2025-07-01T08:37:12","date_gmt":"2025-07-01T06:37:12","guid":{"rendered":"https:\/\/rapport-activite-caf-rhone.fr\/?page_id=5719"},"modified":"2025-09-30T09:39:08","modified_gmt":"2025-09-30T07:39:08","slug":"confluence","status":"publish","type":"page","link":"https:\/\/rapport-activite-caf-rhone.fr\/index.php\/confluence\/","title":{"rendered":"Confluence"},"content":{"rendered":"\n\n\n\n\n\n\n<figure class=\"wp-block-image size-large is-resized\"><div class=\"eds-animate edsanimate-sis-hidden \" data-eds-entry-animation=\"fadeInUp\" data-eds-entry-delay=\"0.5\" data-eds-entry-duration=\"1\" data-eds-entry-timing=\"linear\" data-eds-exit-animation=\"\" data-eds-exit-delay=\"\" data-eds-exit-duration=\"\" data-eds-exit-timing=\"\" data-eds-repeat-count=\"1\" data-eds-keep=\"yes\" data-eds-animate-on=\"scroll\" data-eds-scroll-offset=\"75\"><img loading=\"lazy\" decoding=\"async\" class=\"wp-image-6196  aligncenter\" style=\"width: 952px; height: 308px;\" src=\"https:\/\/rapport-activite-caf-rhone.fr\/wp-content\/uploads\/2025\/07\/Confluence_RA_1.png\" alt=\"\" width=\"1080\" height=\"350\" srcset=\"https:\/\/rapport-activite-caf-rhone.fr\/wp-content\/uploads\/2025\/07\/Confluence_RA_1.png 1080w, https:\/\/rapport-activite-caf-rhone.fr\/wp-content\/uploads\/2025\/07\/Confluence_RA_1-300x97.png 300w, https:\/\/rapport-activite-caf-rhone.fr\/wp-content\/uploads\/2025\/07\/Confluence_RA_1-1024x332.png 1024w\" sizes=\"(max-width: 1080px) 100vw, 1080px\" \/><\/div><\/figure>\n\n\n\n<figure class=\"wp-block-image size-large is-resized\"><div class=\"eds-animate edsanimate-sis-hidden \" data-eds-entry-animation=\"fadeInUp\" data-eds-entry-delay=\"0.5\" data-eds-entry-duration=\"1\" data-eds-entry-timing=\"linear\" data-eds-exit-animation=\"\" data-eds-exit-delay=\"\" data-eds-exit-duration=\"\" data-eds-exit-timing=\"\" data-eds-repeat-count=\"1\" data-eds-keep=\"yes\" data-eds-animate-on=\"scroll\" data-eds-scroll-offset=\"75\"><img loading=\"lazy\" decoding=\"async\" class=\"wp-image-6194  aligncenter\" style=\"width: 1010px; height: 327px;\" src=\"https:\/\/rapport-activite-caf-rhone.fr\/wp-content\/uploads\/2025\/07\/Confluence_RA_2.png\" alt=\"\" width=\"1080\" height=\"350\" srcset=\"https:\/\/rapport-activite-caf-rhone.fr\/wp-content\/uploads\/2025\/07\/Confluence_RA_2.png 1080w, https:\/\/rapport-activite-caf-rhone.fr\/wp-content\/uploads\/2025\/07\/Confluence_RA_2-300x97.png 300w, https:\/\/rapport-activite-caf-rhone.fr\/wp-content\/uploads\/2025\/07\/Confluence_RA_2-1024x332.png 1024w\" sizes=\"(max-width: 1080px) 100vw, 1080px\" \/><\/div><\/figure>\n\n\n\n<figure class=\"wp-block-image size-large is-resized has-custom-border\"><img loading=\"lazy\" decoding=\"async\" width=\"1024\" height=\"474\" src=\"https:\/\/rapport-activite-caf-rhone.fr\/wp-content\/uploads\/2025\/08\/3_declinaisons-1024x474.png\" alt=\"\" class=\"wp-image-6532\" style=\"border-style:none;border-width:0px;width:972px;height:auto\" srcset=\"https:\/\/rapport-activite-caf-rhone.fr\/wp-content\/uploads\/2025\/08\/3_declinaisons-1024x474.png 1024w, https:\/\/rapport-activite-caf-rhone.fr\/wp-content\/uploads\/2025\/08\/3_declinaisons-300x139.png 300w, https:\/\/rapport-activite-caf-rhone.fr\/wp-content\/uploads\/2025\/08\/3_declinaisons.png 1080w\" sizes=\"(max-width: 1024px) 100vw, 1024px\" \/><\/figure>\n\n\n\n<hr class=\"wp-block-separator has-alpha-channel-opacity\"\/>\n\n\n\n<div class=\"gb-element-64a5a78c\">\n<div class=\"wp-block-group has-global-padding is-layout-constrained wp-block-group-is-layout-constrained\" style=\"padding-top:var(--wp--preset--spacing--small);padding-bottom:var(--wp--preset--spacing--small)\">\n<h2 class=\"wp-block-heading\">Les diff\u00e9rents leviers d&rsquo;action<\/h2>\n\n\n\n<div class=\"wp-block-columns is-layout-flex wp-container-core-columns-is-layout-28f84493 wp-block-columns-is-layout-flex\">\n<div class=\"wp-block-column is-layout-flow wp-block-column-is-layout-flow\">\n<figure class=\"wp-block-image size-full\"><img loading=\"lazy\" decoding=\"async\" width=\"367\" height=\"244\" src=\"https:\/\/rapport-activite-caf-rhone.fr\/wp-content\/uploads\/2025\/07\/projet_prio.png\" alt=\"\" class=\"wp-image-6187\" srcset=\"https:\/\/rapport-activite-caf-rhone.fr\/wp-content\/uploads\/2025\/07\/projet_prio.png 367w, https:\/\/rapport-activite-caf-rhone.fr\/wp-content\/uploads\/2025\/07\/projet_prio-300x199.png 300w\" sizes=\"(max-width: 367px) 100vw, 367px\" \/><\/figure>\n\n\n\n<h3 class=\"wp-block-heading has-black-color has-text-color has-medium-font-size\"><strong><strong>15 projets prioritaires<\/strong><\/strong><\/h3>\n\n\n\n<p class=\"has-primary-color has-text-color has-x-small-font-size\">Couvrant des domaines aussi vari\u00e9s que la petite enfance, l\u2019acc\u00e8s aux droits, les prestations, les ressources humaines, l\u2019immobilier ou encore l\u2019innovation, ces projets traduisent la volont\u00e9 de la Caf d\u2019agir concr\u00e8tement et rapidement sur des enjeux majeurs.<\/p>\n<\/div>\n\n\n\n<div class=\"wp-block-column is-layout-flow wp-block-column-is-layout-flow\">\n<figure class=\"wp-block-image size-full\"><img loading=\"lazy\" decoding=\"async\" width=\"367\" height=\"244\" src=\"https:\/\/rapport-activite-caf-rhone.fr\/wp-content\/uploads\/2025\/07\/local.png\" alt=\"\" class=\"wp-image-6188\" srcset=\"https:\/\/rapport-activite-caf-rhone.fr\/wp-content\/uploads\/2025\/07\/local.png 367w, https:\/\/rapport-activite-caf-rhone.fr\/wp-content\/uploads\/2025\/07\/local-300x199.png 300w\" sizes=\"(max-width: 367px) 100vw, 367px\" \/><\/figure>\n\n\n\n<h3 class=\"wp-block-heading has-black-color has-text-color has-medium-font-size\"><strong><strong>Des initiatives locales<\/strong><\/strong><\/h3>\n\n\n\n<p class=\"has-primary-color has-text-color has-link-color has-x-small-font-size wp-elements-732519750ab1a80ad7591fb2dabe58c3\">Port\u00e9es par les \u00e9quipes, elles illustrent la capacit\u00e9 de chacun \u00e0 s\u2019emparer des ambitions communes pour les adapter aux r\u00e9alit\u00e9s du terrain.<\/p>\n<\/div>\n\n\n\n<div class=\"wp-block-column is-layout-flow wp-block-column-is-layout-flow\">\n<figure class=\"wp-block-image size-full\"><img loading=\"lazy\" decoding=\"async\" width=\"367\" height=\"244\" src=\"https:\/\/rapport-activite-caf-rhone.fr\/wp-content\/uploads\/2025\/07\/groupe.png\" alt=\"\" class=\"wp-image-6189\" srcset=\"https:\/\/rapport-activite-caf-rhone.fr\/wp-content\/uploads\/2025\/07\/groupe.png 367w, https:\/\/rapport-activite-caf-rhone.fr\/wp-content\/uploads\/2025\/07\/groupe-300x199.png 300w\" sizes=\"(max-width: 367px) 100vw, 367px\" \/><\/figure>\n\n\n\n<h3 class=\"wp-block-heading has-black-color has-text-color has-medium-font-size\"><strong><strong>Sept groupes et r\u00e9seaux internes<\/strong><\/strong><\/h3>\n\n\n\n<p class=\"has-primary-color has-text-color has-x-small-font-size\">Ils <strong>ont anim\u00e9 la vie collective<\/strong>, favorisant les \u00e9changes, la transversalit\u00e9 et l\u2019intelligence collective. Deux nouveaux groupes ont vu le jour en 2024 :<\/p>\n\n\n\n<div>\n<p class=\"has-primary-color has-text-color has-x-small-font-size\">&#8211; Les <strong>ambassadeurs de l\u2019IAg<\/strong>, charg\u00e9s d\u2019accompagner les \u00e9quipes dans l\u2019appropriation des usages de l\u2019intelligence artificielle g\u00e9n\u00e9rative ;<br>&#8211; Les <strong>r\u00e9f\u00e9rentes mobilit\u00e9<\/strong>, mobilis\u00e9es pour encourager les pratiques de d\u00e9placement plus durables et responsables.<\/p>\n<\/div>\n<\/div>\n<\/div>\n\n\n\n<p><blockquote><br><p>Ces premi\u00e8res r\u00e9alisations t\u00e9moignent de l\u2019engagement des \u00e9quipes et de la dynamique collective qui anime la Caf du Rh\u00f4ne dans cette nouvelle \u00e9tape.<\/p><\/blockquote>\u00a0<\/p>\n<\/div>\n<\/div>\n","protected":false},"excerpt":{"rendered":"<p>Les diff\u00e9rents leviers d&rsquo;action 15 projets prioritaires Couvrant des domaines aussi vari\u00e9s que la petite enfance, l\u2019acc\u00e8s aux droits, les prestations, les ressources humaines, l\u2019immobilier ou encore l\u2019innovation, ces projets traduisent la volont\u00e9 de la Caf d\u2019agir concr\u00e8tement et rapidement sur des enjeux majeurs. Des initiatives locales Port\u00e9es par les \u00e9quipes, elles illustrent la capacit\u00e9 &hellip; <\/p>\n<p class=\"link-more\"><a href=\"https:\/\/rapport-activite-caf-rhone.fr\/index.php\/confluence\/\" class=\"more-link\">Lire la suite de<span class=\"screen-reader-text\">\u00ab\u00a0Confluence\u00a0\u00bb<\/span><\/a><\/p>\n","protected":false},"author":1,"featured_media":5725,"parent":0,"menu_order":0,"comment_status":"closed","ping_status":"closed","template":"","meta":{"saved_in_kubio":true,"footnotes":""},"class_list":["post-5719","page","type-page","status-publish","has-post-thumbnail","hentry"],"kubio_ai_page_context":{"short_desc":"","purpose":"general"},"featured_media_urls":{"thumbnail":["https:\/\/rapport-activite-caf-rhone.fr\/wp-content\/uploads\/2025\/06\/bandeau_confluence-150x150.png",150,150,true],"medium":["https:\/\/rapport-activite-caf-rhone.fr\/wp-content\/uploads\/2025\/06\/bandeau_confluence-300x78.png",300,78,true],"medium_large":["https:\/\/rapport-activite-caf-rhone.fr\/wp-content\/uploads\/2025\/06\/bandeau_confluence-768x200.png",768,200,true],"large":["https:\/\/rapport-activite-caf-rhone.fr\/wp-content\/uploads\/2025\/06\/bandeau_confluence-1024x267.png",950,248,true],"1536x1536":["https:\/\/rapport-activite-caf-rhone.fr\/wp-content\/uploads\/2025\/06\/bandeau_confluence-1536x400.png",1536,400,true],"2048x2048":["https:\/\/rapport-activite-caf-rhone.fr\/wp-content\/uploads\/2025\/06\/bandeau_confluence.png",1920,500,false],"kubio-fullhd":["https:\/\/rapport-activite-caf-rhone.fr\/wp-content\/uploads\/2025\/06\/bandeau_confluence.png",1920,500,false],"inspiro-featured-image":["https:\/\/rapport-activite-caf-rhone.fr\/wp-content\/uploads\/2025\/06\/bandeau_confluence.png",1920,500,false],"inspiro-loop":["https:\/\/rapport-activite-caf-rhone.fr\/wp-content\/uploads\/2025\/06\/bandeau_confluence-950x320.png",950,320,true],"inspiro-loop@2x":["https:\/\/rapport-activite-caf-rhone.fr\/wp-content\/uploads\/2025\/06\/bandeau_confluence-1900x500.png",1900,500,true],"portfolio_item-thumbnail":["https:\/\/rapport-activite-caf-rhone.fr\/wp-content\/uploads\/2025\/06\/bandeau_confluence-600x400.png",600,400,true],"portfolio_item-thumbnail@2x":["https:\/\/rapport-activite-caf-rhone.fr\/wp-content\/uploads\/2025\/06\/bandeau_confluence-1200x500.png",1200,500,true],"portfolio_item-masonry":["https:\/\/rapport-activite-caf-rhone.fr\/wp-content\/uploads\/2025\/06\/bandeau_confluence-600x156.png",600,156,true],"portfolio_item-masonry@2x":["https:\/\/rapport-activite-caf-rhone.fr\/wp-content\/uploads\/2025\/06\/bandeau_confluence-1200x313.png",1200,313,true],"portfolio_item-thumbnail_cinema":["https:\/\/rapport-activite-caf-rhone.fr\/wp-content\/uploads\/2025\/06\/bandeau_confluence-800x335.png",800,335,true],"portfolio_item-thumbnail_portrait":["https:\/\/rapport-activite-caf-rhone.fr\/wp-content\/uploads\/2025\/06\/bandeau_confluence-600x500.png",600,500,true],"portfolio_item-thumbnail_portrait@2x":["https:\/\/rapport-activite-caf-rhone.fr\/wp-content\/uploads\/2025\/06\/bandeau_confluence-1200x500.png",1200,500,true],"portfolio_item-thumbnail_square":["https:\/\/rapport-activite-caf-rhone.fr\/wp-content\/uploads\/2025\/06\/bandeau_confluence-800x500.png",800,500,true]},"_links":{"self":[{"href":"https:\/\/rapport-activite-caf-rhone.fr\/index.php\/wp-json\/wp\/v2\/pages\/5719","targetHints":{"allow":["GET"]}}],"collection":[{"href":"https:\/\/rapport-activite-caf-rhone.fr\/index.php\/wp-json\/wp\/v2\/pages"}],"about":[{"href":"https:\/\/rapport-activite-caf-rhone.fr\/index.php\/wp-json\/wp\/v2\/types\/page"}],"author":[{"embeddable":true,"href":"https:\/\/rapport-activite-caf-rhone.fr\/index.php\/wp-json\/wp\/v2\/users\/1"}],"replies":[{"embeddable":true,"href":"https:\/\/rapport-activite-caf-rhone.fr\/index.php\/wp-json\/wp\/v2\/comments?post=5719"}],"version-history":[{"count":44,"href":"https:\/\/rapport-activite-caf-rhone.fr\/index.php\/wp-json\/wp\/v2\/pages\/5719\/revisions"}],"predecessor-version":[{"id":7002,"href":"https:\/\/rapport-activite-caf-rhone.fr\/index.php\/wp-json\/wp\/v2\/pages\/5719\/revisions\/7002"}],"wp:featuredmedia":[{"embeddable":true,"href":"https:\/\/rapport-activite-caf-rhone.fr\/index.php\/wp-json\/wp\/v2\/media\/5725"}],"wp:attachment":[{"href":"https:\/\/rapport-activite-caf-rhone.fr\/index.php\/wp-json\/wp\/v2\/media?parent=5719"}],"curies":[{"name":"wp","href":"https:\/\/api.w.org\/{rel}","templated":true}]}}